{"id":3,"date":"2024-02-08T12:34:54","date_gmt":"2024-02-08T10:34:54","guid":{"rendered":"https:\/\/www.espaisandco.com\/es\/?page_id=3"},"modified":"2024-06-03T17:53:59","modified_gmt":"2024-06-03T15:53:59","slug":"politica-de-proteccion-de-datos","status":"publish","type":"page","link":"https:\/\/www.espaisandco.com\/es\/politica-de-proteccion-de-datos\/","title":{"rendered":"Pol\u00edtica de protecci\u00f3n de datos"},"content":{"rendered":"<div class=\"fusion-fullwidth fullwidth-box fusion-builder-row-1 fusion-flex-container nonhundred-percent-fullwidth non-hundred-percent-height-scrolling\" style=\"--awb-border-radius-top-left:0px;--awb-border-radius-top-right:0px;--awb-border-radius-bottom-right:0px;--awb-border-radius-bottom-left:0px;--awb-flex-wrap:wrap;\" ><div class=\"fusion-builder-row fusion-row fusion-flex-align-items-flex-start fusion-flex-content-wrap\" style=\"max-width:1248px;margin-left: calc(-4% \/ 2 );margin-right: calc(-4% \/ 2 );\"><div class=\"fusion-layout-column fusion_builder_column fusion-builder-column-0 fusion_builder_column_1_1 1_1 fusion-flex-column\" style=\"--awb-bg-blend:overlay;--awb-bg-size:cover;--awb-width-large:100%;--awb-margin-top-large:0px;--awb-spacing-right-large:1.92%;--awb-margin-bottom-large:0px;--awb-spacing-left-large:1.92%;--awb-width-medium:100%;--awb-spacing-right-medium:1.92%;--awb-spacing-left-medium:1.92%;--awb-width-small:100%;--awb-spacing-right-small:1.92%;--awb-spacing-left-small:1.92%;\"><div class=\"fusion-column-wrapper fusion-flex-justify-content-flex-start fusion-content-layout-column\"><div class=\"fusion-text fusion-text-1\"><\/p>\n<p>Te invitamos a leer esta pol\u00edtica en la que encontrar\u00e1s informaci\u00f3n completa y transparente sobre c\u00f3mo se piden tus datos en esta web, la finalidad con la que se utilizan, los sistemas de captura as\u00ed como las herramientas usadas para gestionar esta informaci\u00f3n. Las personas mayores de trece a\u00f1os podr\u00e1n registrarse en www.espaisandco.com como usuarios sin el previo consentimiento de sus padres o tutores. En el caso de menores de catorce a\u00f1os, se requiere el consentimiento de los padres o tutores para el tratamiento de los datos personales. En ning\u00fan caso se pedir\u00e1n del menor de edad datos relativos a la situaci\u00f3n profesional, econ\u00f3mica oa la intimidad de los dem\u00e1s miembros de la familia, sin su consentimiento. Si eres menor de catorce a\u00f1os y has accedido a este sitio web sin avisar a tus padres no debes registrarte como usuario.<\/p>\n<p>No solicitamos informaci\u00f3n personal a menos que realmente sea necesaria para prestarte los servicios que requieras. No compartimos informaci\u00f3n personal de los usuarios con nadie, excepto para cumplir con la ley o en caso de que contemos con tu autorizaci\u00f3n expresa. No utilizamos tus datos personales con una finalidad diferente a la expresada en esta Pol\u00edtica de Privacidad.<\/p>\n<p>Hay que advertir que esta Pol\u00edtica de Privacidad podr\u00eda variar en funci\u00f3n de exigencias legislativas o de autorregulaci\u00f3n, por lo que se aconseja a los usuarios que la visiten peri\u00f3dicamente. Ser\u00e1 de aplicaci\u00f3n en caso de que los usuarios decidan rellenar alg\u00fan formulario de cualquiera de los formularios de contacto donde se soliciten datos de car\u00e1cter personal.<\/p>\n<p>Esta web ha sido adecuada a las exigencias de la Ley Org\u00e1nica 15\/1999, de 13 de diciembre, de Protecci\u00f3n de Datos de Car\u00e1cter Personal (LOPD), y en el Real Decreto 1720\/2007, de 21 de diciembre, conocido como el Reglamento de desarrollo de la LOPD. Cumple tambi\u00e9n con el Reglamento (UE) 2016\/679 del Parlamento Europeo y del Consejo de 27 de abril de 2016 relativo a la protecci\u00f3n de las personas f\u00edsicas (RGPD), as\u00ed como con la Ley 34\/2002, de 11 de julio , de Servicios de la Sociedad de la Informaci\u00f3n y Comercio Electr\u00f3nico (LSSICE o LSSI).<\/p>\n<h2 class=\"wp-block-heading\">Responsable del tratamiento de tus datos personales<\/h2>\n<p>Identitat del Responsable: David Garcia Valls<br \/>Nombre comercial: espais &amp; co<br \/>NIF\/CIF: 38103251W<br \/>Direcci\u00f3n: Carrer dels Castillejos 326, 1r 1a \u2013 08025 Barcelona<br \/>Correo electr\u00f3nico: info@espaisandco.com<\/p>\n<p>A efectos de lo previsto en el Reglamento General de Protecci\u00f3n de Datos antes mencionado, los datos personales que env\u00ede a trav\u00e9s de los formularios de la web, recibir\u00e1n el tratamiento de datos de \u201cUsuarios de la web y suscriptores\u201d.<\/p>\n<p>Para el tratamiento de datos de los usuarios, implementamos todas las medidas t\u00e9cnicas y organizativas de seguridad establecidas por la legislaci\u00f3n vigente.<\/p>\n<h2>Principios que aplicaremos a tu informaci\u00f3n personal<\/h2>\n<p>En el tratamiento de tus datos personales, aplicaremos los siguientes principios que se ajustan a las exigencias del nuevo reglamento europeo de protecci\u00f3n de datos:<\/p>\n<ul>\n<li>Principio de licitud, lealtad y transparencia: siempre requerimos tu consentimiento para el tratamiento de tus datos personales para uno o varios fines espec\u00edficos que informaremos previamente con absoluta transparencia.<\/li>\n<li>Principio de minimizaci\u00f3n de datos: s\u00f3lo solicitaremos los datos estrictamente necesarios en relaci\u00f3n con las finalidades para las que son requeridas.<\/li>\n<li>Principio de limitaci\u00f3n del plazo de conservaci\u00f3n: los datos ser\u00e1n mantenidos durante no m\u00e1s tiempo del necesario para los fines del tratamiento, en funci\u00f3n de su finalidad. Informamos del plazo de conservaci\u00f3n correspondiente y, en el caso de suscripciones, revisamos peri\u00f3dicamente las listas para eliminar aquellos registros habitualmente inactivos.<\/li>\n<li>Principio de integridad y confidencialidad: tus datos ser\u00e1n tratados de forma que se garantice una seguridad adecuada de los datos personales y se garantice la confidencialidad. Disponemos de las medidas necesarias para evitar el acceso no autorizado o uso indebido de los datos de los usuarios por terceros.<\/li>\n<\/ul>\n<h2>\u00bfC\u00f3mo hemos obtenido los datos?<\/h2>\n<p>Los datos personales que tratamos en espais &amp; co, proceden de:<\/p>\n<ul>\n<li>Formulario de contacto<\/li>\n<li>Formulario de suscripci\u00f3n<\/li>\n<li>Comentarios en el blog<\/li>\n<li>Formulario de registro<\/li>\n<li>Formulario de reservas<\/li>\n<\/ul>\n<h2>Quins s\u00f3n els teus drets?<\/h2>\n<p>Las personas interesadas tienen derecho a:<\/p>\n<ul>\n<li>Solicitar el acceso a los datos personales relativos al interesado<\/li>\n<li>Solicitar su rectificaci\u00f3n o supresi\u00f3n<\/li>\n<li>Solicitar la limitaci\u00f3n del tratamiento<\/li>\n<li>Oponerse al tratamiento<\/li>\n<li>Solicitar la portabilidad de los datos<\/li>\n<\/ul>\n<p>Los interesados \u200b\u200bpodr\u00e1n acceder a sus datos personales, as\u00ed como a solicitar la rectificaci\u00f3n de los datos inexactos o, en su caso, solicitar su supresi\u00f3n cuando, entre otros motivos, los datos ya no sean necesarios para los fines que fueron recogidas. En determinadas circunstancias, los interesados \u200b\u200bpodr\u00e1n solicitar la limitaci\u00f3n del tratamiento de sus datos, en cuyo caso \u00fanicamente los conservar\u00e9 para el ejercicio o la defensa de reclamaciones.<\/p>\n<p>En determinadas circunstancias y por motivos relacionados con su situaci\u00f3n particular, los interesados \u200b\u200bpueden oponerse al tratamiento de sus datos. David Garcia Valls dejar\u00e1 de tratar los datos, salvo leg\u00edtimos motivos imperiosos, o el ejercicio o la defensa de posibles reclamaciones. Por el tipo de informaci\u00f3n recogida en esta web, no se puede ejercer el derecho a la portabilidad de los datos.<\/p>\n<p>Los interesados \u200b\u200btambi\u00e9n tienen derecho a la tutela judicial efectiva ya presentar una reclamaci\u00f3n ante la autoridad de control, en este caso, la Agencia Espa\u00f1ola de Protecci\u00f3n de Datos, si consideran que el tratamiento de datos personales que le conciernen infringe el Reglamento.<\/p>\n<h2>\u00bfCon qu\u00e9 finalidad tratamos sus datos personales?<\/h2>\n<p>Cuando un usuario se conecta con esta web por ejemplo para enviar un mensaje al titular, suscribirse o realizar alguna contrataci\u00f3n, est\u00e1 facilitando informaci\u00f3n de car\u00e1cter personal de cuyo tratamiento es responsable David Garcia Valls. Esta informaci\u00f3n puede incluir datos de car\u00e1cter personal, como la direcci\u00f3n IP, el nombre, la direcci\u00f3n f\u00edsica, la direcci\u00f3n de correo electr\u00f3nico, el n\u00famero de tel\u00e9fono y otra informaci\u00f3n. Al facilitar esta informaci\u00f3n, el usuario da su consentimiento para que su informaci\u00f3n sea recopilada, utilizada, gestionada y almacenada por David Garcia Valls, s\u00f3lo como se describe en el Aviso Legal y en la presente Pol\u00edtica de Privacidad.<\/p>\n<p>La informaci\u00f3n que me facilitan las personas interesadas con la finalidad siguiente por cada sistema de captura (formularios):<\/p>\n<ul>\n<li>Formulario de contacto: nombre, correo electr\u00f3nico; para responder a los requerimientos de los usuarios. Por ejemplo, podemos utilizar estos datos para responder a tu solicitud y dar respuesta a las dudas, quejas, comentarios o inquietudes que puedas tener relativas a la informaci\u00f3n incluida en la web, los servicios que se prestan a trav\u00e9s de la web, el tratamiento de tus datos personales, cuestiones referentes a los textos legales incluidos en la web, as\u00ed como cualesquiera otras consultas que puedas tener y que no est\u00e9n sujetas a las condiciones de contrataci\u00f3n. Te informamos que los datos que nos facilites estar\u00e1n alojados en los servidores de Raiola (proveedor de David Garcia Valls) dentro de la UE.<\/li>\n<li>Formulario de suscripci\u00f3n a contenidos: nombre, correo electr\u00f3nico; para gestionar la lista de suscripciones, enviar newsletter, promociones y ofertas especiales, facilitados por el usuario al realizar la suscripci\u00f3n. Dentro de la web existen varios formularios para activar la suscripci\u00f3n. Los newsletter est\u00e1n gestionados por Mailchimp. Te informamos que los datos que nos facilitas est\u00e1n ubicados en los servidores de Mailchimp (proveedor de David Garcia Valls) fuera de la UE en EE.UU. Mailchimp est\u00e1 acogida en el acuerdo EU-US Privacy Shield, aprobado por el Comit\u00e9 Europeo de Protecci\u00f3n de Datos.<\/li>\n<li>Formulario de reserva: nombre, email, m\u00f3vil; para que puedas generar una solicitud de reserva en nuestro sistema y tengas acceso a sus funcionalidades. Te informamos que los datos que nos facilitas est\u00e1n ubicados en los servidores de Acuity Scheduling, parte de Squarespace (proveedor de David Garcia Valls) dentro y fuera de la UE y en EE.UU. Ver la pol\u00edtica de Squarespace.<\/li>\n<\/ul>\n<p>Hay otras finalidades por las que tratamos tus datos personales:<\/p>\n<ul>\n<li>Para garantizar el cumplimiento de las condiciones de uso y la ley aplicable. Esto puede incluir el desarrollo de herramientas y algoritmos que ayudan a esta web a garantizar la confidencialidad de los datos personales que recoge.<\/li>\n<li>Para apoyar y mejorar los servicios que ofrece esta web.<\/li>\n<li>Tambi\u00e9n se recogen otros datos no identificativos que se obtienen mediante algunas cookies que se descargan en el ordenador del usuario cuando navega en esta web que detallamos en la pol\u00edtica de cookies.<\/li>\n<li>Para gestionar las redes sociales. espais&amp;co tiene presencia en redes sociales. El tratamiento de los datos que se lleven a cabo de las personas que se hagan seguidoras en las redes sociales de espais&amp;co se regir\u00e1 por este apartado. As\u00ed como por aquellas condiciones de uso, pol\u00edticas de privacidad y normativas de acceso que pertenezcan a la red social que proceda en cada caso y aceptadas previamente por el usuario de espais&amp;co. Tratar\u00e1 sus datos con los fines de administrar correctamente su presencia en la red social, informando de actividades, productos o servicios de espais&amp;co. As\u00ed como para cualquier otro fin que las normativas de las redes sociales permitan. En ning\u00fan caso utilizaremos los perfiles de seguidores en las redes sociales para enviar publicidad de forma individual.<\/li>\n<\/ul>\n<p>De acuerdo con lo que establece el reglamento general de protecci\u00f3n de datos europeo (RGPD) 2016\/679, David Garcia Valls (espais&amp;co) con domicilio en calle Castillejos 326, 1\u00ba 1a \u2013 08025 Barcelona, \u200b\u200bser\u00e1 responsable del tratamiento de los datos correspondientes a usuarios de la web y suscriptores.<\/p>\n<p>espais&amp;co no vende, alquila ni cede datos de car\u00e1cter personal que puedan identificar al usuario, ni lo har\u00e1 en el futuro, a terceros sin el consentimiento previo.<\/p>\n<h2>Remarqueting<\/h2>\n<p>La funci\u00f3n de remarketing permite llegar a las personas que hayan visitado espais&amp;co anteriormente y asociar una audiencia determinada a un mensaje concreto. El remarketing es un m\u00e9todo para conseguir que los usuarios que han visitado el sitio vuelvan a hacerlo.<\/p>\n<p>Como usuario de espais&amp;co te informo que estamos recopilando informaci\u00f3n para esta funci\u00f3n de remarketing.<\/p>\n<p>La informaci\u00f3n que recopilamos gracias a esta funci\u00f3n es recogida por las cookies de Facebook. Puedes conocer los datos que recopilan estas cookies en las siguientes pol\u00edticas de privacidad:<\/p>\n<ul>\n<li><a href=\"https:\/\/www.facebook.com\/privacy\/explanation\">Facebook<\/a><\/li>\n<\/ul>\n<p>Si no desea que su informaci\u00f3n sea recopilada por estas cookies, puede inhabilitar el uso de cookies de Google a trav\u00e9s de la Configuraci\u00f3n de anuncios de Google. Tambi\u00e9n puede inhabilitar el uso de cookies de un proveedor tercero a trav\u00e9s de la p\u00e1gina de inhabilitaci\u00f3n de Network Advertising Initiative.<\/p>\n<p>Este tipo de servicios permite interactuar con redes sociales u otras plataformas externas directamente desde sus p\u00e1ginas web. Las interacciones y la informaci\u00f3n obtenida por esta web siempre estar\u00e1n sometidas a la configuraci\u00f3n de privacidad del usuario en cada red social. En caso de que se instale un servicio que permita interactuar con redes sociales, es posible que, aunque los usuarios no utilicen el servicio, \u00e9ste recoja datos de tr\u00e1fico web relativos a las p\u00e1ginas donde est\u00e9n instalados.<\/p>\n<h2>Facebook Ads<\/h2>\n<p>En espais&amp;co utilizamos Facebook Ads, la plataforma de publicidad de Facebook, que permite crear campa\u00f1as y anuncios. Al generar un anuncio, se puede segmentar el p\u00fablico por:<\/p>\n<ul>\n<li>Lugar<\/li>\n<li>Datos demogr\u00e1ficos (edad, sexo, etc.)<\/li>\n<li>Intereses (actividades, aficiones, etc.)<\/li>\n<li>Lo que compran en internet y por otros canales<\/li>\n<li>Etc.<\/li>\n<\/ul>\n<p>Los datos obtenidos a trav\u00e9s de Facebook Ads est\u00e1n sujetos a esta pol\u00edtica de privacidad desde el momento en que el usuario deja sus datos en el formulario de esta web para unirse al bolet\u00edn de suscripciones. En ning\u00fan caso se utilizar\u00e1 la informaci\u00f3n procedente de Facebook con una finalidad distinta.<\/p>\n<h2>Legitimaci\u00f3n para el tratamiento de tus datos<\/h2>\n<p>La base legal para el tratamiento de sus datos es el consentimiento.<\/p>\n<p>Para contactar o comentar en esta web se requiere el consentimiento con esta pol\u00edtica de privacidad.<\/p>\n<p>La oferta prospectiva o comercial de productos y servicios est\u00e1 basada en el consentimiento que se le solicita, sin que en ning\u00fan caso la retirada de este consentimiento condicione la ejecuci\u00f3n del contrato de suscripci\u00f3n.<\/p>\n<h2>Categor\u00edas de datos<\/h2>\n<p>Las categor\u00edas de datos que se tratan son nombre, correo electr\u00f3nico y para los clientes y gesti\u00f3n de reservas tambi\u00e9n el m\u00f3vil y datos de facturaci\u00f3n.<\/p>\n<p>No se tratan categor\u00edas de datos especialmente protegidas.<\/p>\n<h2>\u00bfPor cu\u00e1nto tiempo conservar\u00e9 tus datos?<\/h2>\n<p>Los datos personales proporcionados se conservar\u00e1n hasta que se solicite la supresi\u00f3n por parte de la persona interesada.<\/p>\n<h2>\u00bfA qu\u00e9 destinatarios se comunicar\u00e1n tus datos?<\/h2>\n<p>Algunas de las herramientas que utilizamos para gestionar tus datos son contratadas con terceros.<\/p>\n<p>Para prestar servicios estrictamente necesarios para el desarrollo de la actividad, espais&amp;co comparte datos con los siguientes prestamistas bajo sus correspondientes condiciones de privacidad:<\/p>\n<ul>\n<li>Google Analytics: un servicio de an\u00e1lisis de la web prestado por Google, Inc., una compa\u00f1\u00eda de Delaware que tiene como oficina principal en 1600 Amphitheatre Parkway, Mountain View (California), CA 94043, Estados Unidos (\u201cGoogle\u201d). Google Analytics utiliza \u201ccookies\u201d, que son archivos de texto ubicados en su ordenador, para ayudar a espais&amp;co a analizar el uso que hacen los usuarios del sitio web. La informaci\u00f3n que genera la cookie sobre su uso de espaisandco.com (incluyendo su direcci\u00f3n IP) ser\u00e1 directamente transmitida y archivada por Google en sus servidores de Estados Unidos.<\/li>\n<li>Hosting: Raiola Networks, S.L., con domicilio en Espa\u00f1a. M\u00e1s informaci\u00f3n en https:\/\/raiolanetworks.es. Raiola Networks, S.L. trata los datos con el fin de realizar sus servicios de hosting en espais&amp;co.<\/li>\n<li>Email marketing: para realizar campa\u00f1as de email marketing, segmentar la audiencia y realizar campa\u00f1as promocionales utilizamos Mailchimp, propiedad de The Rocket Science Group LLC (MailChimp), con domicilio en Estados Unidos adherido a Privacy Shield.<\/li>\n<\/ul>\n<h2>Navegaci\u00f3n<\/h2>\n<p>Al navegar por espaisandco.com se pueden recoger datos no identificables, que pueden incluir direcciones IP, ubicaci\u00f3n geogr\u00e1fica aproximada, un registro de c\u00f3mo se utilizan los servicios y otros datos que no pueden ser utilizados para identificar al usuario. Entre los datos no identificativos se encuentran tambi\u00e9n los relacionados con tus h\u00e1bitos de navegaci\u00f3n a trav\u00e9s de servicios de terceros. Esta web utiliza los siguientes servicios de an\u00e1lisis de terceros:<\/p>\n<ul>\n<li>Google analytics<\/li>\n<\/ul>\n<p>Utilizamos esta informaci\u00f3n para analizar tendencias, administrar el sitio, rastrear los movimientos de los usuarios alrededor del sitio y para recopilar informaci\u00f3n demogr\u00e1fica sobre nuestra base de usuarios en su conjunto.<\/p>\n<h2>Secreto y seguridad de los datos<\/h2>\n<p>espaisandco.com se compromete en el uso y el tratamiento de los datos incluidos personales de los usuarios, respetando su confidencialidad ya utilizarlos de acuerdo con la finalidad del mismo, as\u00ed como a dar cumplimiento a su obligaci\u00f3n de guardarlos y adaptar todas las medidas para evitar la alteraci\u00f3n, p\u00e9rdida, tratamiento o acceso no autorizado, de conformidad con lo establecido en la normativa vigente de protecci\u00f3n de datos.<\/p>\n<p>Esta web incluye un certificado SSL. Se trata de un protocolo de seguridad que hace que sus datos viajen de forma \u00edntegra y segura, es decir, la transmisi\u00f3n de los datos entre un servidor y usuario web, ya la inversa, es totalmente cifrada o encriptada.<\/p>\n<p>espaisandco.com no puede garantizar la absoluta inexpugnabilidad de Internet ni, por tanto, la violaci\u00f3n de los datos mediante accesos fraudulentos por parte de terceros.<\/p>\n<p>En cuanto a la confidencialidad del procesamiento, David Garcia Valls se asegurar\u00e1 de que cualquier persona que est\u00e9 autorizada por espais&amp;co para procesar los datos del cliente (incluido su personal, colaboradores y prestamistas), estar\u00e1 bajo la obligaci\u00f3n apropiada de confidencialidad (ya sea un deber contractual o legal).<\/p>\n<p>Cuando se presente alg\u00fan incidente de seguridad, al darse cuenta de espai&amp;co deber\u00e1 notificar al Cliente sin demoras indebidas y deber\u00e1 proporcionar informaci\u00f3n oportuna relacionada con el Incidente de Seguridad tal y como se conozca o cuando el Cliente lo solicite en el tiempo razonable.<\/p>\n<h2>Exactitud y veracidad de los datos<\/h2>\n<p>Como usuario, eres el \u00fanico responsable de la veracidad y correcci\u00f3n de los datos que remitas a espaisandco.com exonerando a David Garcia Valls (espais&amp;co), de cualquier responsabilidad al respecto.<\/p>\n<p>Los usuarios garantizan y responden, en cualquier caso, de la exactitud, vigencia y autenticidad de los datos personales facilitados, comprometi\u00e9ndose a mantenerlos debidamente actualizados. El usuario acepta proporcionar informaci\u00f3n completa y correcta en el formulario de contacto o suscripci\u00f3n.<\/p>\n<h2>Aceptaci\u00f3n y consentimiento<\/h2>\n<p>El usuario declara haber sido informado de las condiciones sobre protecci\u00f3n de datos de car\u00e1cter personal, aceptando y consintiendo su tratamiento por parte de David Garcia Valls (espais&amp;co) en la forma y para las finalidades indicadas en esta pol\u00edtica de privacidad.<\/p>\n<h2>Revocabilidad<\/h2>\n<p>El consentimiento prestado, tanto para el tratamiento como para la cesi\u00f3n de los datos de los interesados, es revocable en cualquier momento comunic\u00e1ndolo a David Garcia Valls (espais&amp;co) en los t\u00e9rminos establecidos en esta Pol\u00edtica para el ejercicio de los derechos ARCO. Esta revocaci\u00f3n en ning\u00fan caso tiene car\u00e1cter retroactivo.<\/p>\n<h2>Cambios en la pol\u00edtica de privacidad<\/h2>\n<p>David Garcia Valls se reserva el derecho a modificar esta pol\u00edtica para adaptarla a novedades legislativas o jurisprudenciales, as\u00ed como a pr\u00e1cticas de la industria. En estos supuestos, David Garcia Valls anunciar\u00e1 en esta p\u00e1gina los cambios introducidos con una razonable antelaci\u00f3n a su puesta en pr\u00e1ctica.<\/p>\n<h2>Correos comerciales<\/h2>\n<p>De acuerdo con la LSSICE, espaisandco.com no realiza pr\u00e1cticas de SPAM, por lo que no env\u00eda correos comerciales por v\u00eda electr\u00f3nica que no hayan sido previamente solicitados o autorizados por el usuario. En consecuencia, en cada uno de los formularios existentes en la web, el usuario tiene la posibilidad de dar su consentimiento expreso para recibir el bolet\u00edn, con independencia de la informaci\u00f3n comercial puntualmente solicitada.<\/p>\n<p>Con arreglo a lo dispuesto en la Ley 34\/2002 de Servicios de la Sociedad de la Informaci\u00f3n y de comercio electr\u00f3nico, espaisandco.com se compromete a no enviar comunicaciones de car\u00e1cter comercial sin identificarlas debidamente.<\/p>\n<p>&nbsp;<\/p>\n<p><em>Documento revisado el 01-01-2024<\/em><\/p><\/p>\n<\/div><\/div><\/div><\/div><\/div>","protected":false},"excerpt":{"rendered":"","protected":false},"author":1,"featured_media":0,"parent":0,"menu_order":0,"comment_status":"closed","ping_status":"open","template":"100-width.php","meta":{"footnotes":""},"aioseo_notices":[],"_links":{"self":[{"href":"https:\/\/www.espaisandco.com\/es\/wp-json\/wp\/v2\/pages\/3"}],"collection":[{"href":"https:\/\/www.espaisandco.com\/es\/wp-json\/wp\/v2\/pages"}],"about":[{"href":"https:\/\/www.espaisandco.com\/es\/wp-json\/wp\/v2\/types\/page"}],"author":[{"embeddable":true,"href":"https:\/\/www.espaisandco.com\/es\/wp-json\/wp\/v2\/users\/1"}],"replies":[{"embeddable":true,"href":"https:\/\/www.espaisandco.com\/es\/wp-json\/wp\/v2\/comments?post=3"}],"version-history":[{"count":9,"href":"https:\/\/www.espaisandco.com\/es\/wp-json\/wp\/v2\/pages\/3\/revisions"}],"predecessor-version":[{"id":2552,"href":"https:\/\/www.espaisandco.com\/es\/wp-json\/wp\/v2\/pages\/3\/revisions\/2552"}],"wp:attachment":[{"href":"https:\/\/www.espaisandco.com\/es\/wp-json\/wp\/v2\/media?parent=3"}],"curies":[{"name":"wp","href":"https:\/\/api.w.org\/{rel}","templated":true}]}}